{"id":2,"date":"2016-05-10T03:48:21","date_gmt":"2016-05-10T03:48:21","guid":{"rendered":"http:\/\/wp452m.a10-52-158-154.qa.plesk.ru\/wordpress\/?page_id=2"},"modified":"2025-01-04T15:16:16","modified_gmt":"2025-01-04T15:16:16","slug":"sample-page","status":"publish","type":"page","link":"https:\/\/haissl.de\/","title":{"rendered":"Willkommen"},"content":{"rendered":"<p style=\"text-align: center;\"><img loading=\"lazy\" decoding=\"async\" class=\"wp-image-14 alignleft\" src=\"http:\/\/haissl.de\/wp-content\/uploads\/2016\/05\/aufraeum1kl.jpg\" alt=\"aufraeum1kl\" width=\"300\" height=\"218\" \/><\/p>\n<p style=\"text-align: center;\"><b>Wir machen\u00a0einen Update!<\/b><\/p>\n<p style=\"text-align: center;\">Die Homepage von HAISSL.DE und BRENNHAEUSSER.DE wird gerade \u00fcberarbeitet!<br \/>Wir sind aber bald zur\u00fcck f\u00fcr Euch \u2026<\/p>\n<p style=\"text-align: center;\">Wir w\u00fcrden uns freuen\u00a0Sie bald wieder hier begr\u00fc\u00dfen zu d\u00fcrfen!<\/p>\n\n\n<hr class=\"wp-block-separator aligncenter has-alpha-channel-opacity is-style-dots\"\/>\n\n\n\n<p class=\"has-text-align-center\">V.i.S.d.P. Markus Stephan Brennh\u00e4u\u00dfer, Eckartstra\u00dfe 13a, 85586 Poing,<br><a href=\"mailto:florian.stern@spd-poing.de\">webmaster@haissl.de<\/a>, Tel.: 08121 \/ 410 9999<\/p>\n\n\n\n<hr class=\"wp-block-separator has-alpha-channel-opacity is-style-dots\"\/>\n\n\n\n<p><\/p>\n","protected":false},"excerpt":{"rendered":"<p>Wir machen\u00a0einen Update! Die Homepage von HAISSL.DE und BRENNHAEUSSER.DE wird gerade \u00fcberarbeitet!Wir sind aber bald zur\u00fcck f\u00fcr Euch \u2026 Wir w\u00fcrden uns freuen\u00a0Sie bald wieder hier begr\u00fc\u00dfen zu d\u00fcrfen! V.i.S.d.P. Markus Stephan Brennh\u00e4u\u00dfer, Eckartstra\u00dfe 13a, 85586 Poing,webmaster@haissl.de, Tel.: 08121 \/ 410 9999<\/p>\n","protected":false},"author":1,"featured_media":0,"parent":0,"menu_order":0,"comment_status":"closed","ping_status":"open","template":"","meta":{"footnotes":""},"class_list":["post-2","page","type-page","status-publish","hentry"],"jetpack_sharing_enabled":true,"_links":{"self":[{"href":"https:\/\/haissl.de\/index.php?rest_route=\/wp\/v2\/pages\/2","targetHints":{"allow":["GET"]}}],"collection":[{"href":"https:\/\/haissl.de\/index.php?rest_route=\/wp\/v2\/pages"}],"about":[{"href":"https:\/\/haissl.de\/index.php?rest_route=\/wp\/v2\/types\/page"}],"author":[{"embeddable":true,"href":"https:\/\/haissl.de\/index.php?rest_route=\/wp\/v2\/users\/1"}],"replies":[{"embeddable":true,"href":"https:\/\/haissl.de\/index.php?rest_route=%2Fwp%2Fv2%2Fcomments&post=2"}],"version-history":[{"count":10,"href":"https:\/\/haissl.de\/index.php?rest_route=\/wp\/v2\/pages\/2\/revisions"}],"predecessor-version":[{"id":3584,"href":"https:\/\/haissl.de\/index.php?rest_route=\/wp\/v2\/pages\/2\/revisions\/3584"}],"wp:attachment":[{"href":"https:\/\/haissl.de\/index.php?rest_route=%2Fwp%2Fv2%2Fmedia&parent=2"}],"curies":[{"name":"wp","href":"https:\/\/api.w.org\/{rel}","templated":true}]}}